{"id":2,"date":"2012-06-21T19:21:07","date_gmt":"2012-06-21T19:21:07","guid":{"rendered":"http:\/\/www.schwibura.de\/wp\/?page_id=2"},"modified":"2013-02-24T18:46:34","modified_gmt":"2013-02-24T16:46:34","slug":"beispiel-seite","status":"publish","type":"page","link":"http:\/\/www.schwibura.de\/?page_id=2","title":{"rendered":"SchwiBuRa"},"content":{"rendered":"<p>Die Theatergruppe SchwiBuRa wurde 1999 zum ersten mal aktiv. Aus Mitgliedern der drei Landjugenden Schwindegg, Buchbach und Ranoldsberg wurde SchwiBuRa gegr\u00fcndet und man spielte unter diesem Namen anfangs alle zwei Jahre und seit 2003 jedes Jahr ein Theaterst\u00fcck. Mit der Gr\u00fcndung des Kulturverein Schwindegg e.V. in 2004 war SchwiBuRa organisatorisch in diesen eingegliedert. Am 01.03.2012 wurde ein eigener Verein gegr\u00fcndet, die Theatergruppe SchwiBuRa e.V.<\/p>\n<p>&nbsp;<\/p>\n<p>&nbsp;<\/p>\n<div id=\"nuan_ria_plugin\"><object id=\"plugin0\" style=\"position: absolute; z-index: 1000;\" width=\"0\" height=\"0\" type=\"application\/x-dgnria\"><param name=\"tabId\" value=\"ff-tab-52\" \/><param name=\"counter\" value=\"712\" \/><\/object><\/div>\n","protected":false},"excerpt":{"rendered":"<p>Die Theatergruppe SchwiBuRa wurde 1999 zum ersten mal aktiv. Aus Mitgliedern der drei Landjugenden Schwindegg, Buchbach und Ranoldsberg wurde SchwiBuRa gegr\u00fcndet und man spielte unter diesem Namen anfangs alle zwei Jahre und seit 2003 jedes Jahr ein Theaterst\u00fcck. Mit der Gr\u00fcndung des Kulturverein Schwindegg e.V. in 2004 war SchwiBuRa organisatorisch in diesen eingegliedert. Am 01.03.2012 [&hellip;]<\/p>\n","protected":false},"author":1,"featured_media":0,"parent":0,"menu_order":1,"comment_status":"open","ping_status":"open","template":"","meta":{"ngg_post_thumbnail":0},"_links":{"self":[{"href":"http:\/\/www.schwibura.de\/index.php?rest_route=\/wp\/v2\/pages\/2"}],"collection":[{"href":"http:\/\/www.schwibura.de\/index.php?rest_route=\/wp\/v2\/pages"}],"about":[{"href":"http:\/\/www.schwibura.de\/index.php?rest_route=\/wp\/v2\/types\/page"}],"author":[{"embeddable":true,"href":"http:\/\/www.schwibura.de\/index.php?rest_route=\/wp\/v2\/users\/1"}],"replies":[{"embeddable":true,"href":"http:\/\/www.schwibura.de\/index.php?rest_route=%2Fwp%2Fv2%2Fcomments&post=2"}],"version-history":[{"count":6,"href":"http:\/\/www.schwibura.de\/index.php?rest_route=\/wp\/v2\/pages\/2\/revisions"}],"predecessor-version":[{"id":19,"href":"http:\/\/www.schwibura.de\/index.php?rest_route=\/wp\/v2\/pages\/2\/revisions\/19"}],"wp:attachment":[{"href":"http:\/\/www.schwibura.de\/index.php?rest_route=%2Fwp%2Fv2%2Fmedia&parent=2"}],"curies":[{"name":"wp","href":"https:\/\/api.w.org\/{rel}","templated":true}]}}