{"id":12,"date":"2012-09-16T09:57:24","date_gmt":"2012-09-16T07:57:24","guid":{"rendered":"http:\/\/www.schwibura.de\/?page_id=12"},"modified":"2023-09-28T12:32:54","modified_gmt":"2023-09-28T10:32:54","slug":"impressum","status":"publish","type":"page","link":"http:\/\/www.schwibura.de\/?page_id=12","title":{"rendered":"Impressum"},"content":{"rendered":"<p>Die Theatergruppe SchwiBuRa f\u00fchrt ihre St\u00fccke im <a title=\"B\u00fcrgerhaus Schwindegg\" href=\"http:\/\/www.buergerhaus-schwindegg.de\" target=\"_blank\" rel=\"noopener noreferrer\">B\u00fcrgerhaus Schwindegg<\/a> auf.<\/p>\n<p>F\u00fcr Fragen bez\u00fcglich des Theaters sowie der Durchf\u00fchrung<br \/>\nStephanie Folger (Organisation)<br \/>\nEmail: stephanie[at]schwibura.de,<br \/>\nMonika Engel und Janina Mitterhofer-Paetel (Regie)<br \/>\noder Michael Sedlmeier<\/p>\n<p>&nbsp;<\/p>\n<p>Alle Berichte, Bilder, Texte und Videos unterliegen dem Urheberschutz.<br \/>\nKopien oder Ausz\u00fcge davon d\u00fcrfen nur mit unserer Erlaubnis verwendet werden.<br \/>\nBei unerlaubter Verwendung unserer Berichte, Bilder, Texte oder Videos behalten wir uns es vor rechtliche Schritte einzuleiten.<br \/>\nEs sei darauf hingewiesen, dass die von uns gespielten und hier behandelten St\u00fccke urheberrechtlich den jeweiligen Autoren zustehen.<\/p>\n<p>&nbsp;<\/p>\n<p>Gestaltung dieser Seite<br \/>\nBenjamin Obermeier<br \/>\nEmail: benjamin[at]schwibura.de<br \/>\nBurghauser Str. 27<br \/>\n84503 Alt\u00f6tting<\/p>\n<p>&nbsp;<\/p>\n<p>Vertretungsberechtigter der Theatergruppe SchwiBuRa e.V.<br \/>\n<strong>Michael Sedlmeier &#8211; 1. Vorstand<\/strong><br \/>\nFelizenzell 3<br \/>\n84428 Buchbach<br \/>\nVereinsregister: Amtsgericht Traunstein<br \/>\nRegisternummer: VR 201097<\/p>\n<p>&nbsp;<\/p>\n<p>Als bevorzugtes Mittel der Kontaktaufnahme wird Email angesehen.<br \/>\nBei den angegebenen Adresse das [at] durch @ ersetzen.<br \/>\nHaftungshinweise:<br \/>\nBei den von uns verlinkten Seiten, machen wir uns den Inhalt nicht zu eigen.<br \/>\nF\u00fcr den Inhalt der verlinkten Seiten sind ausschlie\u00dflich deren Betreiber verantwortlich.<\/p>\n<p>Copyright \u00a9 1999-2023 SchwiBuRa e.V.<\/p>\n<div id=\"nuan_ria_plugin\"><object id=\"plugin0\" style=\"position: absolute; z-index: 1000;\" type=\"application\/x-dgnria\" width=\"0\" height=\"0\"><param name=\"tabId\" value=\"ff-tab-50\"><param name=\"counter\" value=\"708\"><\/object><\/div>\n","protected":false},"excerpt":{"rendered":"<p>Die Theatergruppe SchwiBuRa f\u00fchrt ihre St\u00fccke im B\u00fcrgerhaus Schwindegg auf. F\u00fcr Fragen bez\u00fcglich des Theaters sowie der Durchf\u00fchrung Stephanie Folger (Organisation) Email: stephanie[at]schwibura.de, Monika Engel und Janina Mitterhofer-Paetel (Regie) oder Michael Sedlmeier &nbsp; Alle Berichte, Bilder, Texte und Videos unterliegen dem Urheberschutz. Kopien oder Ausz\u00fcge davon d\u00fcrfen nur mit unserer Erlaubnis verwendet werden. Bei unerlaubter [&hellip;]<\/p>\n","protected":false},"author":1,"featured_media":0,"parent":0,"menu_order":6,"comment_status":"open","ping_status":"closed","template":"","meta":{"ngg_post_thumbnail":0},"_links":{"self":[{"href":"http:\/\/www.schwibura.de\/index.php?rest_route=\/wp\/v2\/pages\/12"}],"collection":[{"href":"http:\/\/www.schwibura.de\/index.php?rest_route=\/wp\/v2\/pages"}],"about":[{"href":"http:\/\/www.schwibura.de\/index.php?rest_route=\/wp\/v2\/types\/page"}],"author":[{"embeddable":true,"href":"http:\/\/www.schwibura.de\/index.php?rest_route=\/wp\/v2\/users\/1"}],"replies":[{"embeddable":true,"href":"http:\/\/www.schwibura.de\/index.php?rest_route=%2Fwp%2Fv2%2Fcomments&post=12"}],"version-history":[{"count":12,"href":"http:\/\/www.schwibura.de\/index.php?rest_route=\/wp\/v2\/pages\/12\/revisions"}],"predecessor-version":[{"id":2198,"href":"http:\/\/www.schwibura.de\/index.php?rest_route=\/wp\/v2\/pages\/12\/revisions\/2198"}],"wp:attachment":[{"href":"http:\/\/www.schwibura.de\/index.php?rest_route=%2Fwp%2Fv2%2Fmedia&parent=12"}],"curies":[{"name":"wp","href":"https:\/\/api.w.org\/{rel}","templated":true}]}}